{"id":34,"date":"2014-11-01T00:41:27","date_gmt":"2014-10-31T22:41:27","guid":{"rendered":"http:\/\/deutsche-partei-dp.de\/?page_id=34"},"modified":"2021-03-19T19:07:49","modified_gmt":"2021-03-19T18:07:49","slug":"wir-ueber-uns","status":"publish","type":"page","link":"http:\/\/deutsche-partei-dp.de\/?page_id=34","title":{"rendered":"Wir \u00fcber uns"},"content":{"rendered":"<p><strong>Wir \u00fcber uns<\/strong><\/p>\n<p>in einer Kurzfassung.<\/p>\n<p style=\"text-align: justify;\">Im Jahre 1866 gr\u00fcndeten der Heimat bewu\u00dfte B\u00fcrger im heutigen Niedersachsen die \u201eDeutsch-Hannoversche Partei ( DHP )\u201c. Mit der Gr\u00fcndung protestierten sie gegen die Annexion des K\u00f6nigreich Hannover durch das K\u00f6nigreich Preu\u00dfen.<\/p>\n<p style=\"text-align: justify;\">Bis zur Zwangsaufl\u00f6sung im Jahre 1933 war sie im Preu\u00dfischen Landtag und im Deutschen Reichstag vertreten. Von 1933 bis 1945 waren ehemals f\u00fchrende Mitglieder in der Widerstandsgruppe \u201eNieders\u00e4chsische Freiheitsbewegung\u201c und \u201eBekennende Kirche\u201c t\u00e4tig.<\/p>\n<p style=\"text-align: justify;\">Auf Initiative ehemaliger Mitglieder und Anh\u00e4nger, aus DHP und der im Jahr 1918 ins Leben gerufenen so genannten \u201eWelfenpartei\u201c, gr\u00fcndete sich 1945 die konservativ-f\u00f6deralistische Nieders\u00e4chsische Landespartei ( NLP ) die sich 1947 auf einem Parteitag in Celle in \u201eDEUTSCHE PARTEI\u201c umbenannte, um mit einer wertekonservativen Politik in allen Bundesl\u00e4ndern auftreten zu k\u00f6nnen. Das in Celle verabschiedete Parteiprogramm unterschied sich vom Programm der CDU lediglich durch eine mehr ausgepr\u00e4gte konservative demokratische Politik.<\/p>\n<p style=\"text-align: justify;\">In der ersten Regierung Niedersachsens war die DEUTSCHE PARTEI mit den Mitgliedern Hans-Christoph Seebohm und August Block vertreten. Im Jahr 1949 erreichte die DEUTSCHE PARTEI bei der ersten Bundestagswahl 17 Sitze, 1953 erreichte sie 15 Sitze und bildete unter Konrad Adenauer mit CSU, CDU und FDP die Bundesregierung.<\/p>\n<p>Sie stellte die Minister Heinrich Hellwege (1949\u20131955), Hans-Joachim von Merkatz (1955\u20131960) und Hans-Christoph Seebohm (1949\u20131960).<\/p>\n<p style=\"text-align: justify;\">Von den 17 Bundestagsabgeordneten der Partei DEUTSCHE PARTEI traten 1960 neun Abgeordnete der CDU bei, darunter auch die Bundesminister Merkatz und Seebohm. Dies wirkte sich auch auf die W\u00e4hlerschaft aus die ebenfalls zur CDU wechselte. Auf Grund dieses Wechselverhalten konnte in der Bundestagswahl 1961 kein Sitz mehr errungen werden.<\/p>\n<p>Heinrich Hellwege resignierte, legte seine Partei\u00e4mter nieder und trat Oktober 1961 ebenfalls der CDU bei.<\/p>\n<p>Am 24. Juni 1962 konstituierte sich die DEUTSCHE PARTEI neu und konzentrierte sich unter dem Vorsitz von Wilhelm Ernst Freiherr von Cramm ausschlie\u00dflich auf Niedersachsen. Sie errang 1963 dann letztmals einen Wahlerfolg bei der Bremer B\u00fcrgerschaftswahl und zog mit 4 Abgeordneten in das Landesparlament ein.<\/p>\n<p>Ihre Rechtsstellung als Partei verlor sie 1980 und gr\u00fcndete sich als Verein DEUTSCHE PARTEI e.V.<\/p>\n<p><em>Zentralbild\/ 22.10.1953<\/em><\/p>\n<p><a id=\"set-post-thumbnail\" class=\"thickbox\" href=\"http:\/\/deutsche-partei-dp.de\/wp-admin\/media-upload.php?post_id=34&amp;type=image&amp;TB_iframe=1\"><img decoding=\"async\" loading=\"lazy\" class=\"attachment-post-thumbnail size-post-thumbnail\" src=\"http:\/\/deutsche-partei-dp.de\/wp-content\/uploads\/2014\/11\/Bundesarchiv_Bild_183-21910-0004_Bonn_Kabinett_Adenauer_II_Gruppenbild.jpg\" sizes=\"(max-width: 709px) 85vw, (max-width: 909px) 67vw, (max-width: 984px) 60vw, (max-width: 1362px) 62vw, 840px\" srcset=\"http:\/\/deutsche-partei-dp.de\/wp-content\/uploads\/2014\/11\/Bundesarchiv_Bild_183-21910-0004_Bonn_Kabinett_Adenauer_II_Gruppenbild.jpg 798w, http:\/\/deutsche-partei-dp.de\/wp-content\/uploads\/2014\/11\/Bundesarchiv_Bild_183-21910-0004_Bonn_Kabinett_Adenauer_II_Gruppenbild-300x211.jpg 300w, http:\/\/deutsche-partei-dp.de\/wp-content\/uploads\/2014\/11\/Bundesarchiv_Bild_183-21910-0004_Bonn_Kabinett_Adenauer_II_Gruppenbild-768x539.jpg 768w\" alt=\"Zentralbild\/ 22.10.1953\nDas neue Adenauerkabinett - ein Kabinett der Bankier und Kanonenk\u00f6nige\nUnter direkter Anleitung des Nazi-Bankiers Pferdmenges stellte Adenauer sein neues Kabinett zusammen.\nUBz: (1.Reihe); Sch\u00e4fer (FDP), Kaiser (CDU), Storch (CDU), Bundespr\u00e4sident Heuss, Adenauer, Schr\u00f6der (CDU), Kraft (BHE)\nzweite Reihe: L\u00fcbke (CDU), Hellwege (DP), Preusker (FDP), Erhard (CDU), Tillmanns (CDU), \ndritte Reihe: W\u00fcrmeling (CDU), Strauss (CDU), Oberl\u00e4nder (BHE) und Sch\u00e4ffer (CSU)\" width=\"798\" height=\"560\" \/><\/a><em>UBz: (1.Reihe); Sch\u00e4fer (FDP), Kaiser (CDU), Storch (CDU), Bundespr\u00e4sident Heuss, Adenauer, Schr\u00f6der (CDU), Kraft (BHE)<br \/>\nzweite Reihe: L\u00fcbke (CDU), Hellwege (DP), Preusker (FDP), Erhard (CDU), Tillmanns (CDU),<br \/>\ndritte Reihe: W\u00fcrmeling (CDU), Strauss (CDU), Oberl\u00e4nder (BHE) und Sch\u00e4ffer (CSU)<\/em><\/p>\n<p>1993 aktivierten Personen um Johannes Freiherr von Campenhausen und Wolf von Zworowsky in Kassel die DEUTSCHE PARTEI erneut als politische Partei. Wolf von Zworowsky wurde erster Vorsitzender der Partei, Freiherr von Campenhausen l\u00f6ste ihn 1994 ab.<\/p>\n<p>Der ehemalige rechtsliberale FDP Politiker Dr. Heiner Kappel wurde 2001 zum Bundesvorsitzenden gew\u00e4hlt und Freiherr von Campenhausen Ehrenvorsitzender der Partei.<\/p>\n<p>Bei der B\u00fcrgerschaftswahl in Bremen am 25. Mai 2003 gelang der DP mit 0,5 % zum ersten Mal seit l\u00e4ngerer Zeit wieder ein nennenswertes Wahlergebnis oberhalb der kommunalen Ebene.<\/p>\n<p style=\"text-align: justify;\">Unter Dr. Kappel fusionierte die DEUTSCHE PARTEI im Oktober 2003 mit der FDVP deren Bundesvorsitzende zur stellvertretenden Bundesvorsitzende der DP gew\u00e4hlt wurde, die dann in einem Winkelzug den Bundesvorsitz \u00fcbernahm und gegen Herrn Dr. Heiner Kappel im Januar 2005 ein Parteiausschlu\u00dfverfahren einleitete. Parallel dazu suchte die Bundesvorsitzende die N\u00e4he zur DVU und NPD mit der diese eine Allianz beabsichtigte.<\/p>\n<p style=\"text-align: justify;\">Herr Dr. Kappel und dessen Anh\u00e4nger erreichten unter erheblichem finanziellem Aufwand, durch einen vor dem Landgericht in Wiesbaden gef\u00fchrten Proze\u00df, \u00fcber einen Vergleich, die Wiedereinsetzung in den vorigen Stand. Verkn\u00fcpft war dieser Vergleich mit der Auflage einen nun ordentlichen Bundesparteitag im Juli 2007 abzuhalten in dessen Verlauf Herr Dipl. Ing. Alfred Kuhlemann zum neuen Bundesvorsitzenden gew\u00e4hlt wurde. Im Bundesparteitag Mai 2009 mit Wahl des Bundesvorstand, \u00fcbernahm Herr Dipl. Ing. Gerd-Uwe Dahlmann den Bundesvorsitz und k\u00fcndigte in seiner Grundsatzrede an jetzt allen Ballast der letzten Jahre \u00fcber Bord zu werfen und, einen mit Blick nach vorn, zukunftsorientierten Neuanfang zu starten.<\/p>\n<p><em>Stand August 2009<\/em><\/p>\n","protected":false},"excerpt":{"rendered":"<p>Wir \u00fcber uns in einer Kurzfassung. Im Jahre 1866 gr\u00fcndeten der Heimat bewu\u00dfte B\u00fcrger im heutigen Niedersachsen die \u201eDeutsch-Hannoversche Partei ( DHP )\u201c. Mit der Gr\u00fcndung protestierten sie gegen die Annexion des K\u00f6nigreich Hannover durch das K\u00f6nigreich Preu\u00dfen. Bis zur Zwangsaufl\u00f6sung im Jahre 1933 war sie im Preu\u00dfischen Landtag und im Deutschen Reichstag vertreten. Von &hellip; <a href=\"http:\/\/deutsche-partei-dp.de\/?page_id=34\" class=\"more-link\"><span class=\"screen-reader-text\">\u201eWir \u00fcber uns\u201c<\/span> weiterlesen<\/a><\/p>\n","protected":false},"author":1,"featured_media":462,"parent":28,"menu_order":0,"comment_status":"open","ping_status":"open","template":"","meta":{"_editorskit_title_hidden":false,"_editorskit_reading_time":0,"_editorskit_is_block_options_detached":false,"_editorskit_block_options_position":"{}"},"_links":{"self":[{"href":"http:\/\/deutsche-partei-dp.de\/index.php?rest_route=\/wp\/v2\/pages\/34"}],"collection":[{"href":"http:\/\/deutsche-partei-dp.de\/index.php?rest_route=\/wp\/v2\/pages"}],"about":[{"href":"http:\/\/deutsche-partei-dp.de\/index.php?rest_route=\/wp\/v2\/types\/page"}],"author":[{"embeddable":true,"href":"http:\/\/deutsche-partei-dp.de\/index.php?rest_route=\/wp\/v2\/users\/1"}],"replies":[{"embeddable":true,"href":"http:\/\/deutsche-partei-dp.de\/index.php?rest_route=%2Fwp%2Fv2%2Fcomments&post=34"}],"version-history":[{"count":6,"href":"http:\/\/deutsche-partei-dp.de\/index.php?rest_route=\/wp\/v2\/pages\/34\/revisions"}],"predecessor-version":[{"id":836,"href":"http:\/\/deutsche-partei-dp.de\/index.php?rest_route=\/wp\/v2\/pages\/34\/revisions\/836"}],"up":[{"embeddable":true,"href":"http:\/\/deutsche-partei-dp.de\/index.php?rest_route=\/wp\/v2\/pages\/28"}],"wp:featuredmedia":[{"embeddable":true,"href":"http:\/\/deutsche-partei-dp.de\/index.php?rest_route=\/wp\/v2\/media\/462"}],"wp:attachment":[{"href":"http:\/\/deutsche-partei-dp.de\/index.php?rest_route=%2Fwp%2Fv2%2Fmedia&parent=34"}],"curies":[{"name":"wp","href":"https:\/\/api.w.org\/{rel}","templated":true}]}}